{"id":7162,"date":"2022-03-10T10:45:20","date_gmt":"2022-03-10T10:45:20","guid":{"rendered":"https:\/\/demo4.listivotheme.com\/?page_id=7162"},"modified":"2025-12-18T04:12:14","modified_gmt":"2025-12-18T01:12:14","slug":"bize-ulasin","status":"publish","type":"page","link":"https:\/\/artidegergayrimenkul.com\/tr\/bize-ulasin\/","title":{"rendered":"Bize Ula\u015f\u0131n"},"content":{"rendered":"\t\t<div data-elementor-type=\"wp-page\" data-elementor-id=\"7162\" class=\"elementor elementor-7162\">\n\t\t\t\t\t\t<section class=\"elementor-section elementor-top-section elementor-element elementor-element-47cf002e elementor-section-full_width elementor-section-height-default elementor-section-height-default\" data-id=\"47cf002e\" data-element_type=\"section\" data-e-type=\"section\" data-settings=\"{&quot;background_background&quot;:&quot;classic&quot;}\">\n\t\t\t\t\t\t<div class=\"elementor-container elementor-column-gap-default\">\n\t\t\t\t\t<div class=\"elementor-column elementor-col-100 elementor-top-column elementor-element elementor-element-330a0ca0\" data-id=\"330a0ca0\" data-element_type=\"column\" data-e-type=\"column\">\n\t\t\t<div class=\"elementor-widget-wrap elementor-element-populated\">\n\t\t\t\t\t\t<section class=\"elementor-section elementor-inner-section elementor-element elementor-element-301a8503 elementor-section-height-min-height elementor-section-boxed elementor-section-height-default\" data-id=\"301a8503\" data-element_type=\"section\" data-e-type=\"section\" data-settings=\"{&quot;background_background&quot;:&quot;classic&quot;}\">\n\t\t\t\t\t\t\t<div class=\"elementor-background-overlay\"><\/div>\n\t\t\t\t\t\t\t<div class=\"elementor-container elementor-column-gap-default\">\n\t\t\t\t\t<div class=\"elementor-column elementor-col-100 elementor-inner-column elementor-element elementor-element-4c978d99\" data-id=\"4c978d99\" data-element_type=\"column\" data-e-type=\"column\">\n\t\t\t<div class=\"elementor-widget-wrap elementor-element-populated\">\n\t\t\t\t\t\t<div class=\"elementor-element elementor-element-61556416 elementor-widget elementor-widget-lst_heading_v2\" data-id=\"61556416\" data-element_type=\"widget\" data-e-type=\"widget\" data-widget_type=\"lst_heading_v2.default\">\n\t\t\t\t<div class=\"elementor-widget-container\">\n\t\t\t\t\t<div class=\"listivo-heading-v2-wrapper\">\n    <div class=\"listivo-heading-v2 listivo-heading-v2--left listivo-heading-v2--tablet-center listivo-heading-v2--mobile-center\">\n        \n        <h2 class=\"listivo-heading-v2__text\">\n            Bize Ula\u015f\u0131n        <\/h2>\n    <\/div>\n<\/div>\t\t\t\t<\/div>\n\t\t\t\t<\/div>\n\t\t\t\t<div class=\"elementor-element elementor-element-7998609c elementor-widget elementor-widget-spacer\" data-id=\"7998609c\" data-element_type=\"widget\" data-e-type=\"widget\" data-widget_type=\"spacer.default\">\n\t\t\t\t<div class=\"elementor-widget-container\">\n\t\t\t\t\t\t\t<div class=\"elementor-spacer\">\n\t\t\t<div class=\"elementor-spacer-inner\"><\/div>\n\t\t<\/div>\n\t\t\t\t\t\t<\/div>\n\t\t\t\t<\/div>\n\t\t\t\t\t<\/div>\n\t\t<\/div>\n\t\t\t\t\t<\/div>\n\t\t<\/section>\n\t\t\t\t\t<\/div>\n\t\t<\/div>\n\t\t\t\t\t<\/div>\n\t\t<\/section>\n\t\t\t\t<section class=\"elementor-section elementor-top-section elementor-element elementor-element-174e599 elementor-section-boxed elementor-section-height-default elementor-section-height-default\" data-id=\"174e599\" data-element_type=\"section\" data-e-type=\"section\">\n\t\t\t\t\t\t<div class=\"elementor-container elementor-column-gap-default\">\n\t\t\t\t\t<div class=\"elementor-column elementor-col-100 elementor-top-column elementor-element elementor-element-5596a4a\" data-id=\"5596a4a\" data-element_type=\"column\" data-e-type=\"column\">\n\t\t\t<div class=\"elementor-widget-wrap elementor-element-populated\">\n\t\t\t\t\t\t<div class=\"elementor-element elementor-element-2c4d4bd elementor-widget elementor-widget-spacer\" data-id=\"2c4d4bd\" data-element_type=\"widget\" data-e-type=\"widget\" data-widget_type=\"spacer.default\">\n\t\t\t\t<div class=\"elementor-widget-container\">\n\t\t\t\t\t\t\t<div class=\"elementor-spacer\">\n\t\t\t<div class=\"elementor-spacer-inner\"><\/div>\n\t\t<\/div>\n\t\t\t\t\t\t<\/div>\n\t\t\t\t<\/div>\n\t\t\t\t<div class=\"elementor-element elementor-element-d6d8f44 elementor-widget elementor-widget-text-editor\" data-id=\"d6d8f44\" data-element_type=\"widget\" data-e-type=\"widget\" data-widget_type=\"text-editor.default\">\n\t\t\t\t<div class=\"elementor-widget-container\">\n\t\t\t\t\t\t\t\t\t<h2>Art\u0131 De\u011fer Gayrimenkul<\/h2><p>\u0130lanlar\u0131m\u0131zdaki bir ta\u015f\u0131nmazla ilgili bilgi almak, sahibi oldu\u011funuz bir ta\u015f\u0131nmaz\u0131 bizim arac\u0131l\u0131\u011f\u0131m\u0131zla sat\u0131\u015fa \u00e7\u0131karmak ya da herhangi bir konuda bilgi sahibi olmak i\u00e7in bizimle ileti\u015fime ge\u00e7ebilirsiniz.<\/p>\t\t\t\t\t\t\t\t<\/div>\n\t\t\t\t<\/div>\n\t\t\t\t\t<\/div>\n\t\t<\/div>\n\t\t\t\t\t<\/div>\n\t\t<\/section>\n\t\t\t\t<section class=\"elementor-section elementor-top-section elementor-element elementor-element-40ac1e4 elementor-section-boxed elementor-section-height-default elementor-section-height-default\" data-id=\"40ac1e4\" data-element_type=\"section\" data-e-type=\"section\" data-settings=\"{&quot;background_background&quot;:&quot;classic&quot;}\">\n\t\t\t\t\t\t<div class=\"elementor-container elementor-column-gap-default\">\n\t\t\t\t\t<div class=\"elementor-column elementor-col-100 elementor-top-column elementor-element elementor-element-198a1e8\" data-id=\"198a1e8\" data-element_type=\"column\" data-e-type=\"column\">\n\t\t\t<div class=\"elementor-widget-wrap elementor-element-populated\">\n\t\t\t\t\t\t<div class=\"elementor-element elementor-element-7ae6330 elementor-widget elementor-widget-spacer\" data-id=\"7ae6330\" data-element_type=\"widget\" data-e-type=\"widget\" data-widget_type=\"spacer.default\">\n\t\t\t\t<div class=\"elementor-widget-container\">\n\t\t\t\t\t\t\t<div class=\"elementor-spacer\">\n\t\t\t<div class=\"elementor-spacer-inner\"><\/div>\n\t\t<\/div>\n\t\t\t\t\t\t<\/div>\n\t\t\t\t<\/div>\n\t\t\t\t<div class=\"elementor-element elementor-element-c2e0b65 elementor-widget elementor-widget-lst_services_v4\" data-id=\"c2e0b65\" data-element_type=\"widget\" data-e-type=\"widget\" data-widget_type=\"lst_services_v4.default\">\n\t\t\t\t<div class=\"elementor-widget-container\">\n\t\t\t\t\t<div class=\"listivo-services-v4\">\n    <div class=\"listivo-services-v4__list\">\n                    <div\n                                    class=\"listivo-service-v4 listivo-service-v4--with-circle\"\n                            >\n\n                <div\n                                            class=\"listivo-service-v4__circle\"\n                                    >\n                                            <img decoding=\"async\"\n                                src=\"https:\/\/artidegergayrimenkul.com\/tr\/wp-content\/uploads\/2022\/04\/contact_address.png\"\n                                alt=\"Ofisimizi Ziyaret Edin\"\n                        >\n                                    <\/div>\n\n                <h3 class=\"listivo-service-v4__label\">\n                    Ofisimizi Ziyaret Edin                <\/h3>\n\n                                    <div class=\"listivo-service-v4__text\">\n                                                    Cumhuriyet Mah. Atat\u00fcrk Cad. No: 6\/4<br \/>\nSeydikemer\/Mu\u011fla                                            <\/div>\n                            <\/div>\n                    <div\n                                    class=\"listivo-service-v4 listivo-service-v4--with-circle\"\n                            >\n\n                <div\n                                            class=\"listivo-service-v4__circle\"\n                                    >\n                                            <img decoding=\"async\"\n                                src=\"https:\/\/artidegergayrimenkul.com\/tr\/wp-content\/uploads\/2022\/04\/contact_phone.png\"\n                                alt=\"Bizi Aray\u0131n\"\n                        >\n                                    <\/div>\n\n                <h3 class=\"listivo-service-v4__label\">\n                    Bizi Aray\u0131n                <\/h3>\n\n                                    <div class=\"listivo-service-v4__text\">\n                                                    0-5-5-5-0-0-5-6-6-9-3<br \/>\n&amp;<br \/>\n0-5-5-2-5-5-9-9-7-5-1                                            <\/div>\n                            <\/div>\n            <\/div>\n<\/div>\n\t\t\t\t<\/div>\n\t\t\t\t<\/div>\n\t\t\t\t<div class=\"elementor-element elementor-element-0efa37e elementor-widget elementor-widget-spacer\" data-id=\"0efa37e\" data-element_type=\"widget\" data-e-type=\"widget\" data-widget_type=\"spacer.default\">\n\t\t\t\t<div class=\"elementor-widget-container\">\n\t\t\t\t\t\t\t<div class=\"elementor-spacer\">\n\t\t\t<div class=\"elementor-spacer-inner\"><\/div>\n\t\t<\/div>\n\t\t\t\t\t\t<\/div>\n\t\t\t\t<\/div>\n\t\t\t\t\t<\/div>\n\t\t<\/div>\n\t\t\t\t\t<\/div>\n\t\t<\/section>\n\t\t\t\t<\/div>\n\t\t","protected":false},"excerpt":{"rendered":"<p>Bize Ula\u015f\u0131n Art\u0131 De\u011fer Gayrimenkul \u0130lanlar\u0131m\u0131zdaki bir ta\u015f\u0131nmazla ilgili bilgi almak, sahibi oldu\u011funuz bir ta\u015f\u0131nmaz\u0131 bizim arac\u0131l\u0131\u011f\u0131m\u0131zla sat\u0131\u015fa \u00e7\u0131karmak ya da herhangi bir konuda bilgi sahibi olmak i\u00e7in bizimle ileti\u015fime ge\u00e7ebilirsiniz. Ofisimizi Ziyaret Edin Cumhuriyet Mah. Atat\u00fcrk Cad. No: 6\/4 Seydikemer\/Mu\u011fla Bizi Aray\u0131n 0-5-5-5-0-0-5-6-6-9-3 &amp; 0-5-5-2-5-5-9-9-7-5-1<\/p>\n","protected":false},"author":1,"featured_media":0,"parent":0,"menu_order":0,"comment_status":"closed","ping_status":"closed","template":"","meta":{"footnotes":""},"class_list":["post-7162","page","type-page","status-publish","hentry"],"_links":{"self":[{"href":"https:\/\/artidegergayrimenkul.com\/tr\/wp-json\/wp\/v2\/pages\/7162","targetHints":{"allow":["GET"]}}],"collection":[{"href":"https:\/\/artidegergayrimenkul.com\/tr\/wp-json\/wp\/v2\/pages"}],"about":[{"href":"https:\/\/artidegergayrimenkul.com\/tr\/wp-json\/wp\/v2\/types\/page"}],"author":[{"embeddable":true,"href":"https:\/\/artidegergayrimenkul.com\/tr\/wp-json\/wp\/v2\/users\/1"}],"replies":[{"embeddable":true,"href":"https:\/\/artidegergayrimenkul.com\/tr\/wp-json\/wp\/v2\/comments?post=7162"}],"version-history":[{"count":26,"href":"https:\/\/artidegergayrimenkul.com\/tr\/wp-json\/wp\/v2\/pages\/7162\/revisions"}],"predecessor-version":[{"id":15057,"href":"https:\/\/artidegergayrimenkul.com\/tr\/wp-json\/wp\/v2\/pages\/7162\/revisions\/15057"}],"wp:attachment":[{"href":"https:\/\/artidegergayrimenkul.com\/tr\/wp-json\/wp\/v2\/media?parent=7162"}],"curies":[{"name":"wp","href":"https:\/\/api.w.org\/{rel}","templated":true}]}}