{"id":7548,"date":"2022-03-14T12:16:48","date_gmt":"2022-03-14T12:16:48","guid":{"rendered":"https:\/\/demo4.listivotheme.com\/?page_id=7548"},"modified":"2023-09-05T18:38:54","modified_gmt":"2023-09-05T15:38:54","slug":"hakkimizda","status":"publish","type":"page","link":"https:\/\/artidegergayrimenkul.com\/tr\/hakkimizda\/","title":{"rendered":"Hakk\u0131m\u0131zda"},"content":{"rendered":"\t\t<div data-elementor-type=\"wp-page\" data-elementor-id=\"7548\" class=\"elementor elementor-7548\">\n\t\t\t\t\t\t<section class=\"elementor-section elementor-top-section elementor-element elementor-element-22e6b6be elementor-section-full_width elementor-section-height-default elementor-section-height-default\" data-id=\"22e6b6be\" data-element_type=\"section\" data-e-type=\"section\" data-settings=\"{&quot;background_background&quot;:&quot;classic&quot;}\">\n\t\t\t\t\t\t<div class=\"elementor-container elementor-column-gap-default\">\n\t\t\t\t\t<div class=\"elementor-column elementor-col-100 elementor-top-column elementor-element elementor-element-47130df4\" data-id=\"47130df4\" data-element_type=\"column\" data-e-type=\"column\">\n\t\t\t<div class=\"elementor-widget-wrap elementor-element-populated\">\n\t\t\t\t\t\t<section class=\"elementor-section elementor-inner-section elementor-element elementor-element-6f9b5d21 elementor-section-height-min-height elementor-section-boxed elementor-section-height-default\" data-id=\"6f9b5d21\" data-element_type=\"section\" data-e-type=\"section\" data-settings=\"{&quot;background_background&quot;:&quot;classic&quot;}\">\n\t\t\t\t\t\t\t<div class=\"elementor-background-overlay\"><\/div>\n\t\t\t\t\t\t\t<div class=\"elementor-container elementor-column-gap-default\">\n\t\t\t\t\t<div class=\"elementor-column elementor-col-100 elementor-inner-column elementor-element elementor-element-60ca5611\" data-id=\"60ca5611\" data-element_type=\"column\" data-e-type=\"column\">\n\t\t\t<div class=\"elementor-widget-wrap elementor-element-populated\">\n\t\t\t\t\t\t<div class=\"elementor-element elementor-element-8fc7c54 elementor-widget elementor-widget-lst_heading_v2\" data-id=\"8fc7c54\" data-element_type=\"widget\" data-e-type=\"widget\" data-widget_type=\"lst_heading_v2.default\">\n\t\t\t\t<div class=\"elementor-widget-container\">\n\t\t\t\t\t<div class=\"listivo-heading-v2-wrapper\">\n    <div class=\"listivo-heading-v2 listivo-heading-v2--left listivo-heading-v2--tablet-center listivo-heading-v2--mobile-center\">\n        \n        <h2 class=\"listivo-heading-v2__text\">\n            Hakk\u0131m\u0131zda        <\/h2>\n    <\/div>\n<\/div>\t\t\t\t<\/div>\n\t\t\t\t<\/div>\n\t\t\t\t<div class=\"elementor-element elementor-element-60145d72 elementor-widget elementor-widget-spacer\" data-id=\"60145d72\" data-element_type=\"widget\" data-e-type=\"widget\" data-widget_type=\"spacer.default\">\n\t\t\t\t<div class=\"elementor-widget-container\">\n\t\t\t\t\t\t\t<div class=\"elementor-spacer\">\n\t\t\t<div class=\"elementor-spacer-inner\"><\/div>\n\t\t<\/div>\n\t\t\t\t\t\t<\/div>\n\t\t\t\t<\/div>\n\t\t\t\t\t<\/div>\n\t\t<\/div>\n\t\t\t\t\t<\/div>\n\t\t<\/section>\n\t\t\t\t\t<\/div>\n\t\t<\/div>\n\t\t\t\t\t<\/div>\n\t\t<\/section>\n\t\t\t\t<section class=\"elementor-section elementor-top-section elementor-element elementor-element-dd489d5 elementor-section-boxed elementor-section-height-default elementor-section-height-default\" data-id=\"dd489d5\" data-element_type=\"section\" data-e-type=\"section\" data-settings=\"{&quot;background_background&quot;:&quot;classic&quot;}\">\n\t\t\t\t\t\t<div class=\"elementor-container elementor-column-gap-default\">\n\t\t\t\t\t<div class=\"elementor-column elementor-col-100 elementor-top-column elementor-element elementor-element-f5d59c1\" data-id=\"f5d59c1\" data-element_type=\"column\" data-e-type=\"column\">\n\t\t\t<div class=\"elementor-widget-wrap elementor-element-populated\">\n\t\t\t\t\t\t<div class=\"elementor-element elementor-element-fd5a3da elementor-widget elementor-widget-spacer\" data-id=\"fd5a3da\" data-element_type=\"widget\" data-e-type=\"widget\" data-widget_type=\"spacer.default\">\n\t\t\t\t<div class=\"elementor-widget-container\">\n\t\t\t\t\t\t\t<div class=\"elementor-spacer\">\n\t\t\t<div class=\"elementor-spacer-inner\"><\/div>\n\t\t<\/div>\n\t\t\t\t\t\t<\/div>\n\t\t\t\t<\/div>\n\t\t\t\t<div class=\"elementor-element elementor-element-9abd91d elementor-widget elementor-widget-lst_content_v2\" data-id=\"9abd91d\" data-element_type=\"widget\" data-e-type=\"widget\" data-widget_type=\"lst_content_v2.default\">\n\t\t\t\t<div class=\"elementor-widget-container\">\n\t\t\t\t\t<div class=\"listivo-content-v2\">\n    <div class=\"listivo-content-v2__image-wrapper\">\n        <div class=\"listivo-content-v2__image\">\n                            <img decoding=\"async\"\n                        class=\"lazyload\"\n                        src=\"data:image\/png;base64,iVBORw0KGgoAAAANSUhEUgAAAAMAAAACCAQAAAA3fa6RAAAADklEQVR42mNkAANGCAUAACMAA2w\/AMgAAAAASUVORK5CYII=\"\n                        data-src=\"https:\/\/artidegergayrimenkul.com\/tr\/wp-content\/uploads\/2022\/10\/about_1.jpg\"\n                        alt=\"Art\u0131 De\u011fer Gayrimenkul\"\n                        style=\"aspect-ratio: 1024 \/ 682\"\n                >\n                    <\/div>\n    <\/div>\n\n    <div class=\"listivo-content-v2__content\">\n        <div class=\"listivo-content-v2__heading\">\n            <div class=\"listivo-heading-v2 listivo-heading-v2--left listivo-heading-v2--tablet-center\">\n                                    <h3 class=\"listivo-heading-v2__small-text\">\n                        Hakk\u0131m\u0131zda                    <\/h3>\n                \n                <h2 class=\"listivo-heading-v2__text\">\n                    Art\u0131 De\u011fer Gayrimenkul                <\/h2>\n            <\/div>\n        <\/div>\n\n                    <div class=\"listivo-content-v2__text\">\n                Mu\u011fla Seydikemer'de bulunan ofisimizle Seydikemer ve Fethiye \u00e7evresinde ta\u015f\u0131nmaz al\u0131m \/ sat\u0131m konular\u0131 ve ilgili di\u011fer pek \u00e7ok alanda \u00e7\u00f6z\u00fcmler sunuyoruz.<br \/>\n<br \/>\nTa\u015f\u0131nmaz Ticareti Yetki Belgesi Numaras\u0131: 4801857<br \/>\n            <\/div>\n        \n                    <div class=\"listivo-content-v2__button\">\n                <a\n                                            class=\"listivo-button listivo-button--primary-2\"\n                                            href=\"https:\/\/artidegergayrimenkul.com\/tr\/ilanlar\/\"\n                >\n                    <span>\n                        \u0130lanlar\u0131m\u0131za G\u00f6z At\u0131n\n                        <svg xmlns=\"http:\/\/www.w3.org\/2000\/svg\" width=\"12\" height=\"11\" viewBox=\"0 0 12 11\"\n                             fill=\"none\">\n                            <path d=\"M7.13805 10.4713C7.00772 10.6017 6.83738 10.6667 6.66671 10.6667C6.49605 10.6667 6.32571 10.6017 6.19538 10.4713C5.93504 10.211 5.93504 9.78898 6.19538 9.52865L9.72407 5.99996H0.666672C0.298669 5.99996 0 5.70129 0 5.33329C0 4.96528 0.298669 4.66662 0.666672 4.66662H9.72407L6.19538 1.13792C5.93504 0.877589 5.93504 0.455586 6.19538 0.195251C6.45571 -0.0650838 6.87771 -0.0650838 7.13805 0.195251L11.8047 4.86195C12.0651 5.12229 12.0651 5.54429 11.8047 5.80462L7.13805 10.4713Z\"\n                                  fill=\"#FDFDFE\"\/>\n                        <\/svg>\n                    <\/span>\n                <\/a>\n            <\/div>\n            <\/div>\n<\/div>\n\t\t\t\t<\/div>\n\t\t\t\t<\/div>\n\t\t\t\t<div class=\"elementor-element elementor-element-fc32dad elementor-widget elementor-widget-spacer\" data-id=\"fc32dad\" data-element_type=\"widget\" data-e-type=\"widget\" data-widget_type=\"spacer.default\">\n\t\t\t\t<div class=\"elementor-widget-container\">\n\t\t\t\t\t\t\t<div class=\"elementor-spacer\">\n\t\t\t<div class=\"elementor-spacer-inner\"><\/div>\n\t\t<\/div>\n\t\t\t\t\t\t<\/div>\n\t\t\t\t<\/div>\n\t\t\t\t\t<\/div>\n\t\t<\/div>\n\t\t\t\t\t<\/div>\n\t\t<\/section>\n\t\t\t\t<section class=\"elementor-section elementor-top-section elementor-element elementor-element-eccce67 elementor-section-boxed elementor-section-height-default elementor-section-height-default\" data-id=\"eccce67\" data-element_type=\"section\" data-e-type=\"section\" data-settings=\"{&quot;background_background&quot;:&quot;classic&quot;}\">\n\t\t\t\t\t\t<div class=\"elementor-container elementor-column-gap-default\">\n\t\t\t\t\t<div class=\"elementor-column elementor-col-100 elementor-top-column elementor-element elementor-element-89832d9\" data-id=\"89832d9\" data-element_type=\"column\" data-e-type=\"column\">\n\t\t\t<div class=\"elementor-widget-wrap elementor-element-populated\">\n\t\t\t\t\t\t<div class=\"elementor-element elementor-element-a2fb023 elementor-widget elementor-widget-spacer\" data-id=\"a2fb023\" data-element_type=\"widget\" data-e-type=\"widget\" data-widget_type=\"spacer.default\">\n\t\t\t\t<div class=\"elementor-widget-container\">\n\t\t\t\t\t\t\t<div class=\"elementor-spacer\">\n\t\t\t<div class=\"elementor-spacer-inner\"><\/div>\n\t\t<\/div>\n\t\t\t\t\t\t<\/div>\n\t\t\t\t<\/div>\n\t\t\t\t<div class=\"elementor-element elementor-element-654e7b9 elementor-widget__width-inherit elementor-widget elementor-widget-lst_heading_v2\" data-id=\"654e7b9\" data-element_type=\"widget\" data-e-type=\"widget\" data-widget_type=\"lst_heading_v2.default\">\n\t\t\t\t<div class=\"elementor-widget-container\">\n\t\t\t\t\t<div class=\"listivo-heading-v2-wrapper\">\n    <div class=\"listivo-heading-v2 listivo-heading-v2--center listivo-heading-v2--tablet-center listivo-heading-v2--mobile-center\">\n                    <h3 class=\"listivo-heading-v2__small-text\">\n                Ta\u015f\u0131nmazlarla ilgili t\u00fcm i\u015flemlerde            <\/h3>\n        \n        <h2 class=\"listivo-heading-v2__text\">\n            Size Yard\u0131mc\u0131 Olal\u0131m        <\/h2>\n    <\/div>\n<\/div>\t\t\t\t<\/div>\n\t\t\t\t<\/div>\n\t\t\t\t<div class=\"elementor-element elementor-element-dbee4a9 elementor-widget elementor-widget-spacer\" data-id=\"dbee4a9\" data-element_type=\"widget\" data-e-type=\"widget\" data-widget_type=\"spacer.default\">\n\t\t\t\t<div class=\"elementor-widget-container\">\n\t\t\t\t\t\t\t<div class=\"elementor-spacer\">\n\t\t\t<div class=\"elementor-spacer-inner\"><\/div>\n\t\t<\/div>\n\t\t\t\t\t\t<\/div>\n\t\t\t\t<\/div>\n\t\t\t\t<div class=\"elementor-element elementor-element-8da2885 elementor-widget elementor-widget-lst_services_v5\" data-id=\"8da2885\" data-element_type=\"widget\" data-e-type=\"widget\" data-widget_type=\"lst_services_v5.default\">\n\t\t\t\t<div class=\"elementor-widget-container\">\n\t\t\t\t\t<div class=\"listivo-services-v5\">\n            <div class=\"listivo-service-v5\">\n            <div class=\"listivo-service-v5__arrow\">\n                <svg xmlns=\"http:\/\/www.w3.org\/2000\/svg\" width=\"16\" height=\"25\" viewBox=\"0 0 16 25\" fill=\"none\">\n                    <path d=\"M1.11914 23.7492C17.1613 9.08347 19.7173 17.7527 2.72758 1.96159\" stroke=\"#F17851\"\n                          stroke-width=\"3\"\/>\n                <\/svg>\n            <\/div>\n\n            <div class=\"listivo-service-v5__image\">\n                                    <img decoding=\"async\"\n                            class=\"lazyload\"\n                            src=\"data:image\/png;base64,iVBORw0KGgoAAAANSUhEUgAAAAMAAAACCAQAAAA3fa6RAAAADklEQVR42mNkAANGCAUAACMAA2w\/AMgAAAAASUVORK5CYII=\"\n                            data-src=\"https:\/\/artidegergayrimenkul.com\/tr\/wp-content\/uploads\/2022\/03\/services_v5_1.png\"\n                                            >\n                            <\/div>\n\n            <div class=\"listivo-service-v5__decoration\">\n                <svg xmlns=\"http:\/\/www.w3.org\/2000\/svg\" width=\"30\" height=\"30\" viewBox=\"0 0 30 30\" fill=\"none\">\n                    <rect x=\"1.5\" y=\"1.5\" width=\"27\" height=\"27\" rx=\"13.5\" fill=\"#FDFDFE\" stroke=\"#F17851\"\n                          stroke-width=\"3\"\/>\n                <\/svg>\n            <\/div>\n\n            <div class=\"listivo-service-v5__label\">\n                Arad\u0131\u011f\u0131n\u0131z Ta\u015f\u0131nmaz\u0131 Bulal\u0131m            <\/div>\n\n                            <div class=\"listivo-service-v5__text\">\n                    \u0130htiyac\u0131n\u0131z olan ta\u015f\u0131nmaz\u0131 portf\u00f6y\u00fcm\u00fczden ya da i\u00e7erisinde bulundu\u011fumuz emlak a\u011f\u0131 sayesinde sizin i\u00e7in bulal\u0131m.                <\/div>\n                    <\/div>\n            <div class=\"listivo-service-v5\">\n            <div class=\"listivo-service-v5__arrow\">\n                <svg xmlns=\"http:\/\/www.w3.org\/2000\/svg\" width=\"16\" height=\"25\" viewBox=\"0 0 16 25\" fill=\"none\">\n                    <path d=\"M1.11914 23.7492C17.1613 9.08347 19.7173 17.7527 2.72758 1.96159\" stroke=\"#F17851\"\n                          stroke-width=\"3\"\/>\n                <\/svg>\n            <\/div>\n\n            <div class=\"listivo-service-v5__image\">\n                                    <img decoding=\"async\"\n                            class=\"lazyload\"\n                            src=\"data:image\/png;base64,iVBORw0KGgoAAAANSUhEUgAAAAMAAAACCAQAAAA3fa6RAAAADklEQVR42mNkAANGCAUAACMAA2w\/AMgAAAAASUVORK5CYII=\"\n                            data-src=\"https:\/\/artidegergayrimenkul.com\/tr\/wp-content\/uploads\/2022\/04\/contact_address.png\"\n                                            >\n                            <\/div>\n\n            <div class=\"listivo-service-v5__decoration\">\n                <svg xmlns=\"http:\/\/www.w3.org\/2000\/svg\" width=\"30\" height=\"30\" viewBox=\"0 0 30 30\" fill=\"none\">\n                    <rect x=\"1.5\" y=\"1.5\" width=\"27\" height=\"27\" rx=\"13.5\" fill=\"#FDFDFE\" stroke=\"#F17851\"\n                          stroke-width=\"3\"\/>\n                <\/svg>\n            <\/div>\n\n            <div class=\"listivo-service-v5__label\">\n                Ta\u015f\u0131nmaz\u0131n\u0131z\u0131 De\u011ferinde Satal\u0131m            <\/div>\n\n                            <div class=\"listivo-service-v5__text\">\n                    Satmak istedi\u011finiz ta\u015f\u0131nmaz\u0131n\u0131z\u0131 konum, alt yap\u0131 ve benzeri \u00f6zelliklerini g\u00f6z \u00f6n\u00fcnde bulundurarak ger\u00e7ek de\u011ferinde satman\u0131za yard\u0131mc\u0131 olal\u0131m.                <\/div>\n                    <\/div>\n            <div class=\"listivo-service-v5\">\n            <div class=\"listivo-service-v5__arrow\">\n                <svg xmlns=\"http:\/\/www.w3.org\/2000\/svg\" width=\"16\" height=\"25\" viewBox=\"0 0 16 25\" fill=\"none\">\n                    <path d=\"M1.11914 23.7492C17.1613 9.08347 19.7173 17.7527 2.72758 1.96159\" stroke=\"#F17851\"\n                          stroke-width=\"3\"\/>\n                <\/svg>\n            <\/div>\n\n            <div class=\"listivo-service-v5__image\">\n                                    <img decoding=\"async\"\n                            class=\"lazyload\"\n                            src=\"data:image\/png;base64,iVBORw0KGgoAAAANSUhEUgAAAAMAAAACCAQAAAA3fa6RAAAADklEQVR42mNkAANGCAUAACMAA2w\/AMgAAAAASUVORK5CYII=\"\n                            data-src=\"https:\/\/artidegergayrimenkul.com\/tr\/wp-content\/uploads\/2022\/03\/services_v5_3.png\"\n                                            >\n                            <\/div>\n\n            <div class=\"listivo-service-v5__decoration\">\n                <svg xmlns=\"http:\/\/www.w3.org\/2000\/svg\" width=\"30\" height=\"30\" viewBox=\"0 0 30 30\" fill=\"none\">\n                    <rect x=\"1.5\" y=\"1.5\" width=\"27\" height=\"27\" rx=\"13.5\" fill=\"#FDFDFE\" stroke=\"#F17851\"\n                          stroke-width=\"3\"\/>\n                <\/svg>\n            <\/div>\n\n            <div class=\"listivo-service-v5__label\">\n                Ta\u015f\u0131nmazlarla \u0130lgili Di\u011fer \u0130\u015flemler            <\/div>\n\n                            <div class=\"listivo-service-v5__text\">\n                    Ta\u015f\u0131nmaz\u0131n\u0131zla ilgili kar\u015f\u0131la\u015fabilece\u011finiz t\u00fcm resmi ya da fiziki i\u015flemler i\u00e7in sizi y\u00f6nlendirelim.                <\/div>\n                    <\/div>\n    <\/div>\n\t\t\t\t<\/div>\n\t\t\t\t<\/div>\n\t\t\t\t<div class=\"elementor-element elementor-element-8b76a8b elementor-widget elementor-widget-spacer\" data-id=\"8b76a8b\" data-element_type=\"widget\" data-e-type=\"widget\" data-widget_type=\"spacer.default\">\n\t\t\t\t<div class=\"elementor-widget-container\">\n\t\t\t\t\t\t\t<div class=\"elementor-spacer\">\n\t\t\t<div class=\"elementor-spacer-inner\"><\/div>\n\t\t<\/div>\n\t\t\t\t\t\t<\/div>\n\t\t\t\t<\/div>\n\t\t\t\t\t<\/div>\n\t\t<\/div>\n\t\t\t\t\t<\/div>\n\t\t<\/section>\n\t\t\t\t<section class=\"elementor-section elementor-top-section elementor-element elementor-element-f15e48c elementor-section-boxed elementor-section-height-default elementor-section-height-default\" data-id=\"f15e48c\" data-element_type=\"section\" data-e-type=\"section\" data-settings=\"{&quot;background_background&quot;:&quot;classic&quot;}\">\n\t\t\t\t\t\t<div class=\"elementor-container elementor-column-gap-default\">\n\t\t\t\t\t<div class=\"elementor-column elementor-col-100 elementor-top-column elementor-element elementor-element-333b07f\" data-id=\"333b07f\" data-element_type=\"column\" data-e-type=\"column\">\n\t\t\t<div class=\"elementor-widget-wrap elementor-element-populated\">\n\t\t\t\t\t\t<div class=\"elementor-element elementor-element-6171400 elementor-widget elementor-widget-spacer\" data-id=\"6171400\" data-element_type=\"widget\" data-e-type=\"widget\" data-widget_type=\"spacer.default\">\n\t\t\t\t<div class=\"elementor-widget-container\">\n\t\t\t\t\t\t\t<div class=\"elementor-spacer\">\n\t\t\t<div class=\"elementor-spacer-inner\"><\/div>\n\t\t<\/div>\n\t\t\t\t\t\t<\/div>\n\t\t\t\t<\/div>\n\t\t\t\t<div class=\"elementor-element elementor-element-33515fc elementor-widget elementor-widget-spacer\" data-id=\"33515fc\" data-element_type=\"widget\" data-e-type=\"widget\" data-widget_type=\"spacer.default\">\n\t\t\t\t<div class=\"elementor-widget-container\">\n\t\t\t\t\t\t\t<div class=\"elementor-spacer\">\n\t\t\t<div class=\"elementor-spacer-inner\"><\/div>\n\t\t<\/div>\n\t\t\t\t\t\t<\/div>\n\t\t\t\t<\/div>\n\t\t\t\t\t<\/div>\n\t\t<\/div>\n\t\t\t\t\t<\/div>\n\t\t<\/section>\n\t\t\t\t<\/div>\n\t\t","protected":false},"excerpt":{"rendered":"<p>Hakk\u0131m\u0131zda Hakk\u0131m\u0131zda Art\u0131 De\u011fer Gayrimenkul Mu\u011fla Seydikemer&#8217;de bulunan ofisimizle Seydikemer ve Fethiye \u00e7evresinde ta\u015f\u0131nmaz al\u0131m \/ sat\u0131m konular\u0131 ve ilgili di\u011fer pek \u00e7ok alanda \u00e7\u00f6z\u00fcmler sunuyoruz. Ta\u015f\u0131nmaz Ticareti Yetki Belgesi Numaras\u0131: 4801857 \u0130lanlar\u0131m\u0131za G\u00f6z At\u0131n Ta\u015f\u0131nmazlarla ilgili t\u00fcm i\u015flemlerde Size Yard\u0131mc\u0131 Olal\u0131m Arad\u0131\u011f\u0131n\u0131z Ta\u015f\u0131nmaz\u0131 Bulal\u0131m \u0130htiyac\u0131n\u0131z olan ta\u015f\u0131nmaz\u0131 portf\u00f6y\u00fcm\u00fczden ya da i\u00e7erisinde bulundu\u011fumuz emlak a\u011f\u0131 [&hellip;]<\/p>\n","protected":false},"author":1,"featured_media":0,"parent":0,"menu_order":0,"comment_status":"closed","ping_status":"closed","template":"","meta":{"footnotes":""},"class_list":["post-7548","page","type-page","status-publish","hentry"],"_links":{"self":[{"href":"https:\/\/artidegergayrimenkul.com\/tr\/wp-json\/wp\/v2\/pages\/7548","targetHints":{"allow":["GET"]}}],"collection":[{"href":"https:\/\/artidegergayrimenkul.com\/tr\/wp-json\/wp\/v2\/pages"}],"about":[{"href":"https:\/\/artidegergayrimenkul.com\/tr\/wp-json\/wp\/v2\/types\/page"}],"author":[{"embeddable":true,"href":"https:\/\/artidegergayrimenkul.com\/tr\/wp-json\/wp\/v2\/users\/1"}],"replies":[{"embeddable":true,"href":"https:\/\/artidegergayrimenkul.com\/tr\/wp-json\/wp\/v2\/comments?post=7548"}],"version-history":[{"count":4,"href":"https:\/\/artidegergayrimenkul.com\/tr\/wp-json\/wp\/v2\/pages\/7548\/revisions"}],"predecessor-version":[{"id":11269,"href":"https:\/\/artidegergayrimenkul.com\/tr\/wp-json\/wp\/v2\/pages\/7548\/revisions\/11269"}],"wp:attachment":[{"href":"https:\/\/artidegergayrimenkul.com\/tr\/wp-json\/wp\/v2\/media?parent=7548"}],"curies":[{"name":"wp","href":"https:\/\/api.w.org\/{rel}","templated":true}]}}